{"id":74,"date":"2024-12-04T22:22:49","date_gmt":"2024-12-04T21:22:49","guid":{"rendered":"https:\/\/accoreal.de\/?page_id=74"},"modified":"2026-01-12T09:04:18","modified_gmt":"2026-01-12T08:04:18","slug":"service-fuer-vermieter","status":"publish","type":"page","link":"https:\/\/accoreal.de\/en\/immobilien-anbieten\/service-fuer-vermieter\/","title":{"rendered":"Service for landlords"},"content":{"rendered":"<div class=\"wp-block-group has-global-padding is-layout-constrained wp-block-group-is-layout-constrained\">\n<h1 class=\"wp-block-heading\">Temporary rentals in Munich<\/h1>\n\n\n\n<div class=\"wp-block-group single-track left is-nowrap is-layout-flex wp-container-core-group-is-layout-6c531013 wp-block-group-is-layout-flex\">\n<h2 class=\"wp-block-heading\">Temporary rentals in Munich: Rent out your furnished apartment in Munich or the surrounding area easily and securely<\/h2>\n\n\n\n<figure class=\"wp-block-image size-full caption-decoration\"><img loading=\"lazy\" decoding=\"async\" width=\"1024\" height=\"1024\" src=\"https:\/\/accoreal.de\/wp-content\/uploads\/2026\/01\/Service-fuer-Vermieter.jpg\" alt=\"M\u00f6blierte Wohnung in M\u00fcnchen oder Umgebung vermieten \u2013 Wohnen auf Zeit in M\u00fcnchen \" class=\"wp-image-490\" srcset=\"https:\/\/accoreal.de\/wp-content\/uploads\/2026\/01\/Service-fuer-Vermieter.jpg 1024w, https:\/\/accoreal.de\/wp-content\/uploads\/2026\/01\/Service-fuer-Vermieter-300x300.jpg 300w, https:\/\/accoreal.de\/wp-content\/uploads\/2026\/01\/Service-fuer-Vermieter-150x150.jpg 150w, https:\/\/accoreal.de\/wp-content\/uploads\/2026\/01\/Service-fuer-Vermieter-768x768.jpg 768w, https:\/\/accoreal.de\/wp-content\/uploads\/2026\/01\/Service-fuer-Vermieter-12x12.jpg 12w\" sizes=\"auto, (max-width: 1024px) 100vw, 1024px\" \/><\/figure>\n<\/div>\n\n\n\n<p>Acco Real is your experienced partner for temporary rentals to vetted tenants.<\/p>\n\n\n\n<p>We take care of every step: viewing, professional photography, tenant selection, and contract processing. Rely on our local market knowledge, personal support, and a smooth process!<\/p>\n\n\n\n<h2 class=\"wp-block-heading\">Cleaning service<\/h2>\n\n\n\n<p>We work with the cleaning company Kurt Meier Carpet and Building Cleaning, which has been known in Munich for the best quality as well as reliable and fast service for 17 years.<\/p>\n\n\n\n<p>All carpet and apartment cleanings are priced based on the scope of the work. If you are interested in this service, you can contact us directly. By arrangement, the furnished apartments can also be cleaned daily. We recommend an adapted cleaning concept for your individual needs.<\/p>\n\n\n\n<p class=\"listcaption\">Final cleaning includes the following points:<\/p>\n\n\n\n<ul class=\"wp-block-list\">\n<li>In order not to destroy the surfaces, no aggressive cleaning agents should be used in the bathroom.<\/li>\n\n\n\n<li>Please contact us before using stain removers on stained carpets. The same applies to cleaning upholstered furniture.<\/li>\n\n\n\n<li>For parquet floors, only cleaning products for parquet floors should be used.<\/li>\n\n\n\n<li>If you use bed linen, it should of course be handed over cleaned<\/li>\n<\/ul>\n\n\n\n<h2 class=\"wp-block-heading\">Brokerage commission<\/h2>\n\n\n\n<figure class=\"wp-block-table\"><table class=\"has-fixed-layout\"><tbody><tr><td><strong>Rental period<\/strong><\/td><td><strong>% rate + VAT<\/strong><\/td><td><strong>% rate of a monthly rent<\/strong><\/td><\/tr><tr><td>Up to 2 months<\/td><td>40% + VAT =<\/td><td>47.60% of a monthly rent<\/td><\/tr><tr><td>Up to 3 months<\/td><td>55% + VAT =<\/td><td>65.45% of a monthly rent<\/td><\/tr><tr><td>Up to 4 months<\/td><td>70% + VAT =<\/td><td>83.30% of a monthly rent<\/td><\/tr><tr><td>Up to 5 months<\/td><td>85% + VAT =<\/td><td>101.15% of a monthly rent<\/td><\/tr><tr><td>Up to 6 months<\/td><td>100% + VAT =<\/td><td>119.00% of a monthly rent<\/td><\/tr><tr><td>Maximum<\/td><td>100% + VAT =<\/td><td>119.00% of a monthly rent<\/td><\/tr><\/tbody><\/table><\/figure>\n<\/div>","protected":false},"excerpt":{"rendered":"<p>Vermieten auf Zeit in M\u00fcnchen Vermieten auf Zeit in M\u00fcnchen: M\u00f6blierte Wohnung in M\u00fcnchen oder Umgebung unkompliziert und sicher vermieten Acco Real ist Ihr erfahrener Partner f\u00fcr die zeitlich befristete Vermietung an gepr\u00fcfte Mieter\/innen. Wir k\u00fcmmern uns um alle Schritte: Besichtigung, professionelle Fotografie, Mieterauswahl und Vertragsabwicklung. Vertrauen Sie auf lokale Marktkenntnis, pers\u00f6nliche Betreuung und einen [&hellip;]<\/p>","protected":false},"author":1,"featured_media":0,"parent":26,"menu_order":0,"comment_status":"closed","ping_status":"closed","template":"","meta":{"footnotes":""},"class_list":["post-74","page","type-page","status-publish","hentry"],"_links":{"self":[{"href":"https:\/\/accoreal.de\/en\/wp-json\/wp\/v2\/pages\/74","targetHints":{"allow":["GET"]}}],"collection":[{"href":"https:\/\/accoreal.de\/en\/wp-json\/wp\/v2\/pages"}],"about":[{"href":"https:\/\/accoreal.de\/en\/wp-json\/wp\/v2\/types\/page"}],"author":[{"embeddable":true,"href":"https:\/\/accoreal.de\/en\/wp-json\/wp\/v2\/users\/1"}],"replies":[{"embeddable":true,"href":"https:\/\/accoreal.de\/en\/wp-json\/wp\/v2\/comments?post=74"}],"version-history":[{"count":13,"href":"https:\/\/accoreal.de\/en\/wp-json\/wp\/v2\/pages\/74\/revisions"}],"predecessor-version":[{"id":493,"href":"https:\/\/accoreal.de\/en\/wp-json\/wp\/v2\/pages\/74\/revisions\/493"}],"up":[{"embeddable":true,"href":"https:\/\/accoreal.de\/en\/wp-json\/wp\/v2\/pages\/26"}],"wp:attachment":[{"href":"https:\/\/accoreal.de\/en\/wp-json\/wp\/v2\/media?parent=74"}],"curies":[{"name":"wp","href":"https:\/\/api.w.org\/{rel}","templated":true}]}}