{"id":62,"date":"2024-12-04T22:13:18","date_gmt":"2024-12-04T21:13:18","guid":{"rendered":"https:\/\/accoreal.de\/?page_id=62"},"modified":"2026-01-11T10:35:08","modified_gmt":"2026-01-11T09:35:08","slug":"merkzettel","status":"publish","type":"page","link":"https:\/\/accoreal.de\/en\/immobilien-suchen\/merkzettel\/","title":{"rendered":"Watchlist"},"content":{"rendered":"<div class=\"wp-block-group has-global-padding is-layout-constrained wp-block-group-is-layout-constrained\">\n<h1 class=\"wp-block-heading\">Your watchlist<\/h1>\n\n\n\n<div class=\"wp-block-group single-track left is-nowrap is-layout-flex wp-container-core-group-is-layout-6c531013 wp-block-group-is-layout-flex\">\n<h2 class=\"wp-block-heading\">Choose a furnished apartment in Munich<\/h2>\n\n\n\n<figure class=\"wp-block-image size-full caption-decoration\"><img loading=\"lazy\" decoding=\"async\" width=\"900\" height=\"900\" src=\"https:\/\/accoreal.de\/wp-content\/uploads\/2026\/01\/Wohnen-auf-Zeit-Muenchen-Auswahl.jpg\" alt=\"Wohnen auf Zeit M\u00fcnchen \u2013 finden Sie Ihre Ihre Favoriten bei Acco Real\" class=\"wp-image-468\" srcset=\"https:\/\/accoreal.de\/wp-content\/uploads\/2026\/01\/Wohnen-auf-Zeit-Muenchen-Auswahl.jpg 900w, https:\/\/accoreal.de\/wp-content\/uploads\/2026\/01\/Wohnen-auf-Zeit-Muenchen-Auswahl-300x300.jpg 300w, https:\/\/accoreal.de\/wp-content\/uploads\/2026\/01\/Wohnen-auf-Zeit-Muenchen-Auswahl-150x150.jpg 150w, https:\/\/accoreal.de\/wp-content\/uploads\/2026\/01\/Wohnen-auf-Zeit-Muenchen-Auswahl-768x768.jpg 768w, https:\/\/accoreal.de\/wp-content\/uploads\/2026\/01\/Wohnen-auf-Zeit-Muenchen-Auswahl-12x12.jpg 12w\" sizes=\"auto, (max-width: 900px) 100vw, 900px\" \/><\/figure>\n<\/div>\n\n\n<p>Sie haben noch kein Objekt auf dem Merkzettel. Klicken \"Merken\" in der Anzeige des Objektes an, um diesen zu f\u00fcllen.<\/p>\n<\/div>","protected":false},"excerpt":{"rendered":"<p>Ihr Merkzettel M\u00f6blierte Wohnung M\u00fcnchen ausw\u00e4hlen<\/p>","protected":false},"author":1,"featured_media":0,"parent":47,"menu_order":0,"comment_status":"closed","ping_status":"closed","template":"","meta":{"footnotes":""},"class_list":["post-62","page","type-page","status-publish","hentry"],"_links":{"self":[{"href":"https:\/\/accoreal.de\/en\/wp-json\/wp\/v2\/pages\/62","targetHints":{"allow":["GET"]}}],"collection":[{"href":"https:\/\/accoreal.de\/en\/wp-json\/wp\/v2\/pages"}],"about":[{"href":"https:\/\/accoreal.de\/en\/wp-json\/wp\/v2\/types\/page"}],"author":[{"embeddable":true,"href":"https:\/\/accoreal.de\/en\/wp-json\/wp\/v2\/users\/1"}],"replies":[{"embeddable":true,"href":"https:\/\/accoreal.de\/en\/wp-json\/wp\/v2\/comments?post=62"}],"version-history":[{"count":5,"href":"https:\/\/accoreal.de\/en\/wp-json\/wp\/v2\/pages\/62\/revisions"}],"predecessor-version":[{"id":470,"href":"https:\/\/accoreal.de\/en\/wp-json\/wp\/v2\/pages\/62\/revisions\/470"}],"up":[{"embeddable":true,"href":"https:\/\/accoreal.de\/en\/wp-json\/wp\/v2\/pages\/47"}],"wp:attachment":[{"href":"https:\/\/accoreal.de\/en\/wp-json\/wp\/v2\/media?parent=62"}],"curies":[{"name":"wp","href":"https:\/\/api.w.org\/{rel}","templated":true}]}}