{"id":59,"date":"2024-12-04T22:12:31","date_gmt":"2024-12-04T21:12:31","guid":{"rendered":"https:\/\/accoreal.de\/?page_id=59"},"modified":"2026-01-11T10:12:02","modified_gmt":"2026-01-11T09:12:02","slug":"haeuser","status":"publish","type":"page","link":"https:\/\/accoreal.de\/en\/immobilien-suchen\/haeuser\/","title":{"rendered":"Houses"},"content":{"rendered":"<div class=\"wp-block-group has-global-padding is-layout-constrained wp-block-group-is-layout-constrained\">\n<h1 class=\"wp-block-heading\">Houses<\/h1>\n\n\n\n<div class=\"wp-block-group single-track left is-nowrap is-layout-flex wp-container-core-group-is-layout-6c531013 wp-block-group-is-layout-flex\">\n<h2 class=\"wp-block-heading\">Furnished house Munich<\/h2>\n\n\n\n<figure class=\"wp-block-image size-full caption-decoration\"><img loading=\"lazy\" decoding=\"async\" width=\"900\" height=\"900\" src=\"https:\/\/accoreal.de\/wp-content\/uploads\/2026\/01\/Muenchen-moebliertes-Haus.jpg\" alt=\"M\u00f6bliertes Haus M\u00fcnchen \u2013 Immobilien Objekte inserieren und finden\" class=\"wp-image-459\" srcset=\"https:\/\/accoreal.de\/wp-content\/uploads\/2026\/01\/Muenchen-moebliertes-Haus.jpg 900w, https:\/\/accoreal.de\/wp-content\/uploads\/2026\/01\/Muenchen-moebliertes-Haus-300x300.jpg 300w, https:\/\/accoreal.de\/wp-content\/uploads\/2026\/01\/Muenchen-moebliertes-Haus-150x150.jpg 150w, https:\/\/accoreal.de\/wp-content\/uploads\/2026\/01\/Muenchen-moebliertes-Haus-768x768.jpg 768w, https:\/\/accoreal.de\/wp-content\/uploads\/2026\/01\/Muenchen-moebliertes-Haus-12x12.jpg 12w\" sizes=\"auto, (max-width: 900px) 100vw, 900px\" \/><\/figure>\n<\/div>\n\n\n<div class=\"acr-profiles\"><form id=\"acr-search-object\" method=\"post\" action=\"?\" data-trp-original-action=\"?\"><fieldset class=\"select-district\"><legend> Limit to district(s) <\/legend><div class=\"select-district\"><input class=\"choice\" type=\"checkbox\" value=\"Oberhaselbach\"name=\"district_1\"><label for=\"district_1\" class=\"acr-label\">Oberhaselbach<\/label><input class=\"choice\" type=\"checkbox\" value=\"Alle\"name=\"district_2\"><label for=\"district_2\" class=\"acr-label\">All<\/label><\/div><\/fieldset><input type=\"submit\" name=\"submit-search\" class=\"button\" value=\"Search\"><input type=\"hidden\" name=\"trp-form-language\" value=\"en\"\/><\/form><h2>Unfurnished rental<\/h2><div id=\"34\" class=\"wp-block-columns is-layout-flex profile-summary\"><a class=\"wp-block-column\" href=\"\/en\/immobilien-details\/?id=34&part=haeuser&cat=\"><h2>Oberhaselbach<\/h2><p>in Landhaus<\/p><table><tbody><tr><td>Straubing, Oberhaselbach, Pfaffenberg<\/td><td>3894 m\u00b2<\/td><td>WM 50000 \u20ac<\/td><\/tr><tr><td>0 Zimmer<\/td><\/tr><\/tbody><\/table><\/a><div class=\"wp-block-column\"><a href=\"\/en\/immobilien-details\/?id=34&part=haeuser&cat=\"><img decoding=\"async\" src=\"https:\/\/accoreal.de\/wp-content\/uploads\/gravity_forms\/1-03982e7f58a2b0d42130b6a70b88fc12\/2026\/02\/Grundstueck.jpg\"><\/a><\/div><\/div><\/div>\n<\/div>","protected":false},"excerpt":{"rendered":"<p>H\u00e4user M\u00f6bliertes Haus M\u00fcnchen<\/p>","protected":false},"author":1,"featured_media":0,"parent":47,"menu_order":0,"comment_status":"closed","ping_status":"closed","template":"","meta":{"footnotes":""},"class_list":["post-59","page","type-page","status-publish","hentry"],"_links":{"self":[{"href":"https:\/\/accoreal.de\/en\/wp-json\/wp\/v2\/pages\/59","targetHints":{"allow":["GET"]}}],"collection":[{"href":"https:\/\/accoreal.de\/en\/wp-json\/wp\/v2\/pages"}],"about":[{"href":"https:\/\/accoreal.de\/en\/wp-json\/wp\/v2\/types\/page"}],"author":[{"embeddable":true,"href":"https:\/\/accoreal.de\/en\/wp-json\/wp\/v2\/users\/1"}],"replies":[{"embeddable":true,"href":"https:\/\/accoreal.de\/en\/wp-json\/wp\/v2\/comments?post=59"}],"version-history":[{"count":5,"href":"https:\/\/accoreal.de\/en\/wp-json\/wp\/v2\/pages\/59\/revisions"}],"predecessor-version":[{"id":461,"href":"https:\/\/accoreal.de\/en\/wp-json\/wp\/v2\/pages\/59\/revisions\/461"}],"up":[{"embeddable":true,"href":"https:\/\/accoreal.de\/en\/wp-json\/wp\/v2\/pages\/47"}],"wp:attachment":[{"href":"https:\/\/accoreal.de\/en\/wp-json\/wp\/v2\/media?parent=59"}],"curies":[{"name":"wp","href":"https:\/\/api.w.org\/{rel}","templated":true}]}}