{"id":56,"date":"2024-12-04T22:12:01","date_gmt":"2024-12-04T21:12:01","guid":{"rendered":"https:\/\/accoreal.de\/?page_id=56"},"modified":"2026-01-11T09:34:08","modified_gmt":"2026-01-11T08:34:08","slug":"3-5-zimmer-wohnungen","status":"publish","type":"page","link":"https:\/\/accoreal.de\/en\/immobilien-suchen\/3-5-zimmer-wohnungen\/","title":{"rendered":"3-5 room apartments"},"content":{"rendered":"<div class=\"wp-block-group has-global-padding is-layout-constrained wp-block-group-is-layout-constrained\">\n<h1 class=\"wp-block-heading\">3-5 room apartments<\/h1>\n\n\n\n<div class=\"wp-block-group single-track left is-nowrap is-layout-flex wp-container-core-group-is-layout-6c531013 wp-block-group-is-layout-flex\">\n<h2 class=\"wp-block-heading\">Large furnished apartments in Munich<\/h2>\n\n\n\n<figure class=\"wp-block-image size-full caption-decoration\"><img loading=\"lazy\" decoding=\"async\" width=\"900\" height=\"900\" src=\"https:\/\/accoreal.de\/wp-content\/uploads\/2026\/01\/Muenchen-3-5-Zimmer-Wohnungen.jpg\" alt=\"Gro\u00dfe m\u00f6blierte Wohnungen M\u00fcnchen \u2013 3-5 Zimmer Wohnungen inserieren und finden\" class=\"wp-image-456\" srcset=\"https:\/\/accoreal.de\/wp-content\/uploads\/2026\/01\/Muenchen-3-5-Zimmer-Wohnungen.jpg 900w, https:\/\/accoreal.de\/wp-content\/uploads\/2026\/01\/Muenchen-3-5-Zimmer-Wohnungen-300x300.jpg 300w, https:\/\/accoreal.de\/wp-content\/uploads\/2026\/01\/Muenchen-3-5-Zimmer-Wohnungen-150x150.jpg 150w, https:\/\/accoreal.de\/wp-content\/uploads\/2026\/01\/Muenchen-3-5-Zimmer-Wohnungen-768x768.jpg 768w, https:\/\/accoreal.de\/wp-content\/uploads\/2026\/01\/Muenchen-3-5-Zimmer-Wohnungen-12x12.jpg 12w\" sizes=\"auto, (max-width: 900px) 100vw, 900px\" \/><\/figure>\n<\/div>\n\n\n<div class=\"acr-profiles\"><form id=\"acr-search-object\" method=\"post\" action=\"?\" data-trp-original-action=\"?\"><fieldset class=\"select-district\"><legend> Limit to district(s) <\/legend><div class=\"select-district\"><input class=\"choice\" type=\"checkbox\" value=\"Stadtmitte\"name=\"district_1\"><label for=\"district_1\" class=\"acr-label\">City \u200b\u200bCenter<\/label><input class=\"choice\" type=\"checkbox\" value=\"Schwabing\"name=\"district_2\"><label for=\"district_2\" class=\"acr-label\">Schwabing<\/label><input class=\"choice\" type=\"checkbox\" value=\"Isarvorstadt\"name=\"district_3\"><label for=\"district_3\" class=\"acr-label\">Isarvorstadt<\/label><input class=\"choice\" type=\"checkbox\" value=\"Alle\"name=\"district_4\"><label for=\"district_4\" class=\"acr-label\">All<\/label><\/div><\/fieldset><input type=\"submit\" name=\"submit-search\" class=\"button\" value=\"Search\"><input type=\"hidden\" name=\"trp-form-language\" value=\"en\"\/><\/form><h2>Furnished rental<\/h2><div id=\"12\" class=\"wp-block-columns is-layout-flex profile-summary\"><a class=\"wp-block-column\" href=\"\/en\/immobilien-details\/?id=12&part=3-5-zimmer-wohnungen&cat=\"><h2>City \u200b\u200bCenter<\/h2><p>in Mehrfamilienhaus, Baujahr 1965<\/p><table><tbody><tr><td>Munich<\/td><td>120 m\u00b2<\/td><td>WM 1200 \u20ac<\/td><\/tr><tr><td>4 Zimmer<\/td><td>Fitted kitchen<\/td><\/tr><\/tbody><\/table><\/a><div class=\"wp-block-column\"><a href=\"\/en\/immobilien-details\/?id=12&part=3-5-zimmer-wohnungen&cat=\"><img decoding=\"async\" src=\"https:\/\/accoreal.de\/wp-content\/uploads\/gravity_forms\/1-03982e7f58a2b0d42130b6a70b88fc12\/2025\/02\/Wohnzimmer.jpg\"><\/a><\/div><\/div><div id=\"32\" class=\"wp-block-columns is-layout-flex profile-summary\"><a class=\"wp-block-column\" href=\"\/en\/immobilien-details\/?id=32&part=3-5-zimmer-wohnungen&cat=\"><h2>Isarvorstadt<\/h2><p>in Mehrfamilienhaus<\/p><table><tbody><tr><td>Munich<\/td><td>78 m\u00b2<\/td><td>WM 2490 \u20ac<\/td><\/tr><tr><td>3 Zimmer<\/td><td>Fitted kitchen<\/td><\/tr><\/tbody><\/table><\/a><div class=\"wp-block-column\"><a href=\"\/en\/immobilien-details\/?id=32&part=3-5-zimmer-wohnungen&cat=\"><img decoding=\"async\" src=\"https:\/\/accoreal.de\/wp-content\/uploads\/gravity_forms\/1-03982e7f58a2b0d42130b6a70b88fc12\/2026\/02\/Wohnhaus-von-aussen.jpg\"><\/a><\/div><\/div><\/div>\n<\/div>","protected":false},"excerpt":{"rendered":"<p>3-5 Zimmer Wohnungen Gro\u00dfe m\u00f6blierte Wohnungen M\u00fcnchen<\/p>","protected":false},"author":1,"featured_media":0,"parent":47,"menu_order":0,"comment_status":"closed","ping_status":"closed","template":"","meta":{"footnotes":""},"class_list":["post-56","page","type-page","status-publish","hentry"],"_links":{"self":[{"href":"https:\/\/accoreal.de\/en\/wp-json\/wp\/v2\/pages\/56","targetHints":{"allow":["GET"]}}],"collection":[{"href":"https:\/\/accoreal.de\/en\/wp-json\/wp\/v2\/pages"}],"about":[{"href":"https:\/\/accoreal.de\/en\/wp-json\/wp\/v2\/types\/page"}],"author":[{"embeddable":true,"href":"https:\/\/accoreal.de\/en\/wp-json\/wp\/v2\/users\/1"}],"replies":[{"embeddable":true,"href":"https:\/\/accoreal.de\/en\/wp-json\/wp\/v2\/comments?post=56"}],"version-history":[{"count":13,"href":"https:\/\/accoreal.de\/en\/wp-json\/wp\/v2\/pages\/56\/revisions"}],"predecessor-version":[{"id":458,"href":"https:\/\/accoreal.de\/en\/wp-json\/wp\/v2\/pages\/56\/revisions\/458"}],"up":[{"embeddable":true,"href":"https:\/\/accoreal.de\/en\/wp-json\/wp\/v2\/pages\/47"}],"wp:attachment":[{"href":"https:\/\/accoreal.de\/en\/wp-json\/wp\/v2\/media?parent=56"}],"curies":[{"name":"wp","href":"https:\/\/api.w.org\/{rel}","templated":true}]}}