{"id":40,"date":"2024-12-04T21:57:53","date_gmt":"2024-12-04T20:57:53","guid":{"rendered":"https:\/\/accoreal.de\/?page_id=40"},"modified":"2026-01-12T09:07:42","modified_gmt":"2026-01-12T08:07:42","slug":"impressum","status":"publish","type":"page","link":"https:\/\/accoreal.de\/en\/impressum\/","title":{"rendered":"Imprint"},"content":{"rendered":"<div class=\"wp-block-group has-global-padding is-layout-constrained wp-block-group-is-layout-constrained\">\n<h1 class=\"wp-block-heading\">Imprint<\/h1>\n\n\n\n<p>This online service at <a href=\"http:\/\/accoreal.de\/en\/\" target=\"_blank\">accoreal.de<\/a> is operated and published by Acco Real.<\/p>\n\n\n\n<p>Kurt Meier<br>Freisch\u00fctzstr. 96<br>81927 M\u00fcnchen<\/p>\n\n\n\n<p>Tel.: <a class=\"telephone\" href=\"tel:+498915883456\">+49 (0) 89 &#8211; 15 88 34 56<\/a><br>Fax: +49 (0) 89 &#8211; 15 96 83 3<br>E-Mail: <a class=\"email\" href=\"mailto: immo@accoreal.de\">immo@accoreal.de<\/a><\/p>\n\n\n\n<p>Headquarters Munich, Munich District Court HRA 91877<br>Managing Director: Kurt Meier<\/p>\n\n\n\n<p><strong>Information according to \u00a7 5 para. 1 no. 6 DDG<\/strong><br>VAT identification number according to \u00a727a of the German VAT Act: DE156031477<br>Business identification number pursuant to Section 139c of the German Fiscal Code: DE156031477-00001<\/p>\n\n\n\n<p><strong>Responsible for the content according to \u00a7 18 para. 2 MStV<\/strong>:<br>Kurt Meier<\/p>\n\n\n\n<p>The responsible supervisory authority is the Munich Chamber of Commerce and Industry<\/p>\n\n\n\n<p>All rights reserved. In particular, reprinting, inclusion in online services, the Internet and reproduction on data carriers such as CD-ROM, DVD-ROM, etc., even in extracts, may only take place with the prior written consent of Acco Real. All content (text and image material) is made available to Internet users exclusively for their own private use; any use beyond this is not permitted. No responsibility is assumed for the content of external, linked Internet offerings. Acco Real is not liable for unsolicited content, manuscripts and photos.<\/p>\n<\/div>","protected":false},"excerpt":{"rendered":"<p>Impressum Dieser Onlineservice unter accoreal.de wird betrieben und herausgegeben von der Acco Real. Sitz M\u00fcnchen, Amtsgericht M\u00fcnchen HRA 91877Gesch\u00e4ftsf\u00fchrer: Kurt Meier Angaben gem\u00e4\u00df \u00a7 5 Abs. 1 Nr. 6 DDGUmsatzsteuer-Identifikationsnummer gem\u00e4\u00df \u00a727a Umsatzsteuergesetz: DE156031477Wirtschafts-Identifikationsnummer gem\u00e4\u00df \u00a7 139 c der Abgabenordnung: DE156031477-00001 Verantwortlich f\u00fcr den Inhalt nach \u00a7 18 Abs. 2 MStV:Kurt Meier Zust\u00e4ndige Aufsichtsbeh\u00f6rde ist [&hellip;]<\/p>","protected":false},"author":1,"featured_media":0,"parent":0,"menu_order":0,"comment_status":"closed","ping_status":"closed","template":"","meta":{"footnotes":""},"class_list":["post-40","page","type-page","status-publish","hentry"],"_links":{"self":[{"href":"https:\/\/accoreal.de\/en\/wp-json\/wp\/v2\/pages\/40","targetHints":{"allow":["GET"]}}],"collection":[{"href":"https:\/\/accoreal.de\/en\/wp-json\/wp\/v2\/pages"}],"about":[{"href":"https:\/\/accoreal.de\/en\/wp-json\/wp\/v2\/types\/page"}],"author":[{"embeddable":true,"href":"https:\/\/accoreal.de\/en\/wp-json\/wp\/v2\/users\/1"}],"replies":[{"embeddable":true,"href":"https:\/\/accoreal.de\/en\/wp-json\/wp\/v2\/comments?post=40"}],"version-history":[{"count":10,"href":"https:\/\/accoreal.de\/en\/wp-json\/wp\/v2\/pages\/40\/revisions"}],"predecessor-version":[{"id":497,"href":"https:\/\/accoreal.de\/en\/wp-json\/wp\/v2\/pages\/40\/revisions\/497"}],"wp:attachment":[{"href":"https:\/\/accoreal.de\/en\/wp-json\/wp\/v2\/media?parent=40"}],"curies":[{"name":"wp","href":"https:\/\/api.w.org\/{rel}","templated":true}]}}