{"id":34,"date":"2024-12-04T21:53:07","date_gmt":"2024-12-04T20:53:07","guid":{"rendered":"https:\/\/accoreal.de\/?page_id=34"},"modified":"2026-01-07T09:05:06","modified_gmt":"2026-01-07T08:05:06","slug":"hilfe-und-faq","status":"publish","type":"page","link":"https:\/\/accoreal.de\/en\/hilfe-und-faq\/","title":{"rendered":"Help and FAQ"},"content":{"rendered":"<div class=\"wp-block-group has-global-padding is-layout-constrained wp-block-group-is-layout-constrained\">\n<h1 class=\"wp-block-heading\">Furnished Living in Munich 2026 \u2013 Questions and Answers<\/h1>\n\n\n\n<div class=\"wp-block-columns is-layout-flex wp-container-core-columns-is-layout-28f84493 wp-block-columns-is-layout-flex\">\n<div class=\"wp-block-column is-layout-flow wp-block-column-is-layout-flow\" style=\"flex-basis:66.66%\">\n<p class=\"listcaption\">Is there a minimum or maximum rental period for furnished temporary accommodation in Munich?<\/p>\n\n\n\n<ul class=\"wp-block-list\">\n<li>6-month limit: In order to avoid being suspected of illegal holiday rentals (accommodating guests), a rental period of at least 6 months is considered legally safe in Munich.<\/li>\n\n\n\n<li>Exception (3 to 6 months): Rentals for periods between 3 and 6 months are often permitted if there is a verifiable professional or educational reason (e.g., project work, internship, visiting professorship). In this case, the tenant must establish their primary residence there for this period.<\/li>\n\n\n\n<li>There is no maximum rental period, but it is usually two years.<\/li>\n<\/ul>\n\n\n\n<p class=\"listcaption\">How do I get my deposit back?<\/p>\n\n\n\n<ul class=\"wp-block-list\">\n<li>It is recommended to create a deposit account. When the apartment is handed over and approved by the landlord, the deposit account will be released again.<\/li>\n<\/ul>\n\n\n\n<p class=\"listcaption\">What to do if the equipment is defective?<\/p>\n\n\n\n<ul class=\"wp-block-list\">\n<li>Please contact the landlord of the property directly. If you cannot reach the landlord, we will be happy to receive reports of defects or damage and forward them to the responsible landlord.<\/li>\n<\/ul>\n\n\n\n<p class=\"listcaption\">What does final cleaning mean?<\/p>\n\n\n\n<ul class=\"wp-block-list\">\n<li>Final cleaning means that when you move out, you leave the apartment in the same condition as you received the rental apartment when you handed it over.<\/li>\n<\/ul>\n\n\n\n<p class=\"listcaption\">Which insurance should I take out?<\/p>\n\n\n\n<ul class=\"wp-block-list\">\n<li>It is highly recommended to take out personal liability insurance.<\/li>\n<\/ul>\n\n\n\n<p class=\"listcaption\">Can my apartments be found exclusively at Acco Real?<\/p>\n\n\n\n<ul class=\"wp-block-list\">\n<li>Acco Real does not offer the apartments exclusively. But Acco Real takes photos of the objects free of charge and puts them on the homepage.<\/li>\n<\/ul>\n<\/div>\n\n\n\n<div class=\"wp-block-column is-layout-flow wp-block-column-is-layout-flow\" style=\"flex-basis:33.33%\">\n<figure class=\"wp-block-image size-full\"><img loading=\"lazy\" decoding=\"async\" width=\"900\" height=\"900\" src=\"https:\/\/accoreal.de\/wp-content\/uploads\/2026\/01\/Moebliert-wohnen-Wohnzimmer.jpg\" alt=\"M\u00f6bliertes Wohnen M\u00fcnchen 2026 \u2013 Fragen und Antworten \" class=\"wp-image-412\" srcset=\"https:\/\/accoreal.de\/wp-content\/uploads\/2026\/01\/Moebliert-wohnen-Wohnzimmer.jpg 900w, https:\/\/accoreal.de\/wp-content\/uploads\/2026\/01\/Moebliert-wohnen-Wohnzimmer-300x300.jpg 300w, https:\/\/accoreal.de\/wp-content\/uploads\/2026\/01\/Moebliert-wohnen-Wohnzimmer-150x150.jpg 150w, https:\/\/accoreal.de\/wp-content\/uploads\/2026\/01\/Moebliert-wohnen-Wohnzimmer-768x768.jpg 768w, https:\/\/accoreal.de\/wp-content\/uploads\/2026\/01\/Moebliert-wohnen-Wohnzimmer-12x12.jpg 12w\" sizes=\"auto, (max-width: 900px) 100vw, 900px\" \/><\/figure>\n<\/div>\n<\/div>\n<\/div>","protected":false},"excerpt":{"rendered":"<p>M\u00f6bliertes Wohnen M\u00fcnchen 2026 \u2013 Fragen und Antworten Gibt es eine Mindestmietdauer bzw. eine maximale Mietdauer f\u00fcr m\u00f6bliertes Wohnen auf Zeit in M\u00fcnchen? Wie erhalte ich meine Kaution zur\u00fcck? Was tun bei defekter Ausstattung? Was bedeutet Endreinigung? Welche Versicherung sollte ich abschlie\u00dfen? Sind meine Wohnungen exklusiv bei Acco Real zu finden?<\/p>","protected":false},"author":1,"featured_media":0,"parent":0,"menu_order":0,"comment_status":"closed","ping_status":"closed","template":"","meta":{"footnotes":""},"class_list":["post-34","page","type-page","status-publish","hentry"],"_links":{"self":[{"href":"https:\/\/accoreal.de\/en\/wp-json\/wp\/v2\/pages\/34","targetHints":{"allow":["GET"]}}],"collection":[{"href":"https:\/\/accoreal.de\/en\/wp-json\/wp\/v2\/pages"}],"about":[{"href":"https:\/\/accoreal.de\/en\/wp-json\/wp\/v2\/types\/page"}],"author":[{"embeddable":true,"href":"https:\/\/accoreal.de\/en\/wp-json\/wp\/v2\/users\/1"}],"replies":[{"embeddable":true,"href":"https:\/\/accoreal.de\/en\/wp-json\/wp\/v2\/comments?post=34"}],"version-history":[{"count":12,"href":"https:\/\/accoreal.de\/en\/wp-json\/wp\/v2\/pages\/34\/revisions"}],"predecessor-version":[{"id":418,"href":"https:\/\/accoreal.de\/en\/wp-json\/wp\/v2\/pages\/34\/revisions\/418"}],"wp:attachment":[{"href":"https:\/\/accoreal.de\/en\/wp-json\/wp\/v2\/media?parent=34"}],"curies":[{"name":"wp","href":"https:\/\/api.w.org\/{rel}","templated":true}]}}