{"id":31,"date":"2024-12-04T21:21:01","date_gmt":"2024-12-04T20:21:01","guid":{"rendered":"https:\/\/accoreal.de\/?page_id=31"},"modified":"2026-01-06T12:56:09","modified_gmt":"2026-01-06T11:56:09","slug":"ueber-acco-real","status":"publish","type":"page","link":"https:\/\/accoreal.de\/en\/ueber-acco-real\/","title":{"rendered":"About Acco Real"},"content":{"rendered":"<div class=\"wp-block-group has-global-padding is-layout-constrained wp-block-group-is-layout-constrained\">\n<h1 class=\"wp-block-heading\">Furnished apartments in Munich \u2013 Acco Real company<\/h1>\n\n\n\n<div class=\"wp-block-columns is-layout-flex wp-container-core-columns-is-layout-28f84493 wp-block-columns-is-layout-flex\">\n<div class=\"wp-block-column is-layout-flow wp-block-column-is-layout-flow\" style=\"flex-basis:66.66%\">\n<p>Acco Real's founder and managing director is Kurt Meier, who has been successfully self-employed in the building cleaning industry in Munich since 1976. Over these many years of professional experience, he has acquired extensive knowledge about the rental and management of furnished apartments as well as property handover.<\/p>\n\n\n\n<p>Daily practice led to the realization that it was becoming increasingly difficult to find reliable and professional intermediaries, and thus to the idea of \u200b\u200bcreating our own solution \u2013 with clear standards, personal support and trust as the basis.<\/p>\n\n\n\n<p>This led to the creation of Acco Real \u2013 furnished temporary accommodation in Munich. Our aim is to combine service with quality and heart. Customer focus, reliability, and first-class service are not just buzzwords for us, but the foundation of our daily work.<\/p>\n\n\n\n<p>We look forward to a collaborative partnership based on trust, transparency and mutual respect.<\/p>\n<\/div>\n\n\n\n<div class=\"wp-block-column is-layout-flow wp-block-column-is-layout-flow\" style=\"flex-basis:33.33%\">\n<figure class=\"wp-block-image size-full\"><img loading=\"lazy\" decoding=\"async\" width=\"900\" height=\"900\" src=\"https:\/\/accoreal.de\/wp-content\/uploads\/2026\/01\/Moebliert-wohnen-mit-Homeoffice-Ecke.jpg\" alt=\"M\u00f6bliertes Wohnen M\u00fcnchen \u2013 2026 beliebt mit Homeoffice Ecke\" class=\"wp-image-408\" srcset=\"https:\/\/accoreal.de\/wp-content\/uploads\/2026\/01\/Moebliert-wohnen-mit-Homeoffice-Ecke.jpg 900w, https:\/\/accoreal.de\/wp-content\/uploads\/2026\/01\/Moebliert-wohnen-mit-Homeoffice-Ecke-300x300.jpg 300w, https:\/\/accoreal.de\/wp-content\/uploads\/2026\/01\/Moebliert-wohnen-mit-Homeoffice-Ecke-150x150.jpg 150w, https:\/\/accoreal.de\/wp-content\/uploads\/2026\/01\/Moebliert-wohnen-mit-Homeoffice-Ecke-768x768.jpg 768w, https:\/\/accoreal.de\/wp-content\/uploads\/2026\/01\/Moebliert-wohnen-mit-Homeoffice-Ecke-12x12.jpg 12w\" sizes=\"auto, (max-width: 900px) 100vw, 900px\" \/><\/figure>\n<\/div>\n<\/div>\n<\/div>","protected":false},"excerpt":{"rendered":"<p>M\u00f6bliertes Wohnen M\u00fcnchen \u2013 Unternehmen Acco Real Gr\u00fcnder und Gesch\u00e4ftsf\u00fchrer von Acco Real ist Kurt Meier, der seit 1976 erfolgreich in der Geb\u00e4udereinigung in M\u00fcnchen selbstst\u00e4ndig t\u00e4tig ist. Im Laufe dieser zahlreichen Jahre der Berufsaus\u00fcbung sammelte er umfassendes Wissen rund um die Vermietung und Betreuung m\u00f6blierter Wohnungen sowie die \u00dcbergabe von Immobilien. In der t\u00e4glichen [&hellip;]<\/p>","protected":false},"author":1,"featured_media":0,"parent":0,"menu_order":0,"comment_status":"closed","ping_status":"closed","template":"","meta":{"footnotes":""},"class_list":["post-31","page","type-page","status-publish","hentry"],"_links":{"self":[{"href":"https:\/\/accoreal.de\/en\/wp-json\/wp\/v2\/pages\/31","targetHints":{"allow":["GET"]}}],"collection":[{"href":"https:\/\/accoreal.de\/en\/wp-json\/wp\/v2\/pages"}],"about":[{"href":"https:\/\/accoreal.de\/en\/wp-json\/wp\/v2\/types\/page"}],"author":[{"embeddable":true,"href":"https:\/\/accoreal.de\/en\/wp-json\/wp\/v2\/users\/1"}],"replies":[{"embeddable":true,"href":"https:\/\/accoreal.de\/en\/wp-json\/wp\/v2\/comments?post=31"}],"version-history":[{"count":10,"href":"https:\/\/accoreal.de\/en\/wp-json\/wp\/v2\/pages\/31\/revisions"}],"predecessor-version":[{"id":410,"href":"https:\/\/accoreal.de\/en\/wp-json\/wp\/v2\/pages\/31\/revisions\/410"}],"wp:attachment":[{"href":"https:\/\/accoreal.de\/en\/wp-json\/wp\/v2\/media?parent=31"}],"curies":[{"name":"wp","href":"https:\/\/api.w.org\/{rel}","templated":true}]}}