{"id":307,"date":"2025-02-14T21:31:16","date_gmt":"2025-02-14T20:31:16","guid":{"rendered":"https:\/\/accoreal.de\/?page_id=307"},"modified":"2025-02-23T13:06:15","modified_gmt":"2025-02-23T12:06:15","slug":"werkstatt","status":"publish","type":"page","link":"https:\/\/accoreal.de\/en\/werkstatt\/","title":{"rendered":"Werkstatt"},"content":{"rendered":"<div class=\"lbx-row count4 gallery\">\n  <div class=\"lbx-column\">\n    <img decoding=\"async\" src=\"\/wp-content\/uploads\/2024\/12\/Muenchen-Nymphenburg.jpg\" class=\"hover-shadow\">\n  <\/div>\n  <div class=\"lbx-column\">\n    <img decoding=\"async\" src=\"\/wp-content\/uploads\/2024\/12\/Muenchen-Siegestor.jpg\" class=\"hover-shadow\">\n  <\/div>\n  <div class=\"lbx-column\">\n    <img decoding=\"async\" src=\"\/wp-content\/uploads\/2024\/12\/Muenchen-Oktoberfest.jpg\" class=\"hover-shadow\">\n  <\/div>\n  <div class=\"lbx-column\">\n    <img decoding=\"async\" src=\"\/wp-content\/uploads\/2024\/12\/Muenchen-BMW-Museum.jpg\" class=\"hover-shadow\">\n  <\/div>\n<\/div>\n\n<!-- Lightbox -->\n<div id=\"lbx\" class=\"lbx alignfull\">\n  <span class=\"lbx-close cursor\">&times;<\/span>\n  <div class=\"lbx-content\">\n    <div class=\"lbx-box\">\n      <div class=\"numbertext\">1 \/ 4<\/div>\n      <img decoding=\"async\" src=\"\/wp-content\/uploads\/2024\/12\/Muenchen-Nymphenburg.jpg\" style=\"width:100%\">\n    <\/div>\n    <div class=\"lbx-box\">\n      <div class=\"numbertext\">2 \/ 4<\/div>\n      <img decoding=\"async\" src=\"\/wp-content\/uploads\/2024\/12\/Muenchen-Siegestor.jpg\" style=\"width:100%\">\n    <\/div>\n    <div class=\"lbx-box\">\n      <div class=\"numbertext\">3 \/ 4<\/div>\n      <img decoding=\"async\" src=\"\/wp-content\/uploads\/2024\/12\/Muenchen-Oktoberfest.jpg\" style=\"width:100%\">\n    <\/div>\n    <div class=\"lbx-box\">\n      <div class=\"numbertext\">4 \/ 4<\/div>\n      <img decoding=\"async\" src=\"\/wp-content\/uploads\/2024\/12\/Muenchen-BMW-Museum.jpg\" style=\"width:100%\">\n    <\/div>\n\n    <!\u2014Vor- und R\u00fcckw\u00e4rts bl\u00e4ttern -->\n    <a class=\"lbx-prev\">&#10094;<\/a><a class=\"lbx-next\">&#10095;<\/a>\n\n    <!-- Beschriftung -->\n    <div class=\"lbx-caption-container\"><p id=\"lbx-caption\"><\/p><\/div>\n\n    <div class=\"gallery lbx-row lbx-thumbnails\">\n      <div class=\"lbx-column\">\n        <img decoding=\"async\" class=\"lbx-thumbnail\" src=\"\/wp-content\/uploads\/2024\/12\/Muenchen-Nymphenburg.jpg\" alt=\"Nymphenburg\">\n      <\/div>\n      <div class=\"lbx-column\">\n        <img decoding=\"async\" class=\"lbx-thumbnail\" src=\"\/wp-content\/uploads\/2024\/12\/Muenchen-Siegestor.jpg\"  alt=\"Siegestor\">\n      <\/div>\n      <div class=\"lbx-column\">\n        <img decoding=\"async\" class=\"lbx-thumbnail\" src=\"\/wp-content\/uploads\/2024\/12\/Muenchen-Oktoberfest.jpg\"   alt=\"Oktoberfest \">\n      <\/div>\n      <div class=\"lbx-column\">\n        <img class=\"lbx-thumbnail\"src=\"\/wp-content\/uploads\/2024\/12\/Muenchen-BMW-Museum.jpg\"   alt=\"BMW Museum\">\n      <\/div>\n    <\/div>\n  <\/div>\n<\/div>\n\n\n\n\n\n<div class=\"wp-block-group blackstamp has-base-2-background-color has-background has-global-padding is-layout-constrained wp-block-group-is-layout-constrained\">\n<h2 class=\"wp-block-heading\">\u00a9 Copyright Acco Real<\/h2>\n<\/div>\n\n\n\n<div class=\"wp-block-group whitestamp has-base-2-background-color has-background has-global-padding is-layout-constrained wp-block-group-is-layout-constrained\">\n<h2 class=\"wp-block-heading\">\u00a9 Copyright Acco Real<\/h2>\n<\/div>","protected":false},"excerpt":{"rendered":"<p>&times; 1 \/ 4 2 \/ 4 3 \/ 4 4 \/ 4 &#10094;&#10095; \u00a9 Copyright Acco Real \u00a9 Copyright Acco Real<\/p>","protected":false},"author":2,"featured_media":0,"parent":0,"menu_order":0,"comment_status":"closed","ping_status":"closed","template":"","meta":{"footnotes":""},"class_list":["post-307","page","type-page","status-publish","hentry"],"_links":{"self":[{"href":"https:\/\/accoreal.de\/en\/wp-json\/wp\/v2\/pages\/307","targetHints":{"allow":["GET"]}}],"collection":[{"href":"https:\/\/accoreal.de\/en\/wp-json\/wp\/v2\/pages"}],"about":[{"href":"https:\/\/accoreal.de\/en\/wp-json\/wp\/v2\/types\/page"}],"author":[{"embeddable":true,"href":"https:\/\/accoreal.de\/en\/wp-json\/wp\/v2\/users\/2"}],"replies":[{"embeddable":true,"href":"https:\/\/accoreal.de\/en\/wp-json\/wp\/v2\/comments?post=307"}],"version-history":[{"count":36,"href":"https:\/\/accoreal.de\/en\/wp-json\/wp\/v2\/pages\/307\/revisions"}],"predecessor-version":[{"id":347,"href":"https:\/\/accoreal.de\/en\/wp-json\/wp\/v2\/pages\/307\/revisions\/347"}],"wp:attachment":[{"href":"https:\/\/accoreal.de\/en\/wp-json\/wp\/v2\/media?parent=307"}],"curies":[{"name":"wp","href":"https:\/\/api.w.org\/{rel}","templated":true}]}}